{"id":1643,"date":"2021-04-27T17:29:00","date_gmt":"2021-04-27T17:29:00","guid":{"rendered":"https:\/\/bikers-for-christ.eu\/?page_id=1643"},"modified":"2022-02-20T19:52:40","modified_gmt":"2022-02-20T19:52:40","slug":"member","status":"publish","type":"page","link":"https:\/\/bikers-for-christ.eu\/sq\/member\/","title":{"rendered":"Zona An\u00ebtare"},"content":{"rendered":"Ju duhet t\u00eb identifikoheni p\u00ebr t\u00eb par\u00eb k\u00ebt\u00eb p\u00ebrmbajtje.","protected":false},"excerpt":{"rendered":"<p>Ju duhet t\u00eb identifikoheni p\u00ebr t\u00eb par\u00eb k\u00ebt\u00eb p\u00ebrmbajtje.<\/p>","protected":false},"author":1,"featured_media":0,"parent":0,"menu_order":0,"comment_status":"closed","ping_status":"closed","template":"template-microsite.php","meta":{"footnotes":""},"class_list":["post-1643","page","type-page","status-publish","hentry","description-off"],"_links":{"self":[{"href":"https:\/\/bikers-for-christ.eu\/sq\/wp-json\/wp\/v2\/pages\/1643","targetHints":{"allow":["GET"]}}],"collection":[{"href":"https:\/\/bikers-for-christ.eu\/sq\/wp-json\/wp\/v2\/pages"}],"about":[{"href":"https:\/\/bikers-for-christ.eu\/sq\/wp-json\/wp\/v2\/types\/page"}],"author":[{"embeddable":true,"href":"https:\/\/bikers-for-christ.eu\/sq\/wp-json\/wp\/v2\/users\/1"}],"replies":[{"embeddable":true,"href":"https:\/\/bikers-for-christ.eu\/sq\/wp-json\/wp\/v2\/comments?post=1643"}],"version-history":[{"count":55,"href":"https:\/\/bikers-for-christ.eu\/sq\/wp-json\/wp\/v2\/pages\/1643\/revisions"}],"predecessor-version":[{"id":2092,"href":"https:\/\/bikers-for-christ.eu\/sq\/wp-json\/wp\/v2\/pages\/1643\/revisions\/2092"}],"wp:attachment":[{"href":"https:\/\/bikers-for-christ.eu\/sq\/wp-json\/wp\/v2\/media?parent=1643"}],"curies":[{"name":"wp","href":"https:\/\/api.w.org\/{rel}","templated":true}]}}